{"id":1137,"date":"2022-06-08T13:43:09","date_gmt":"2022-06-08T13:43:09","guid":{"rendered":"https:\/\/vakantieparkzevenbergen.nl\/wp\/park\/verleih\/"},"modified":"2023-01-23T15:14:15","modified_gmt":"2023-01-23T15:14:15","slug":"verleih","status":"publish","type":"page","link":"https:\/\/vakantieparkzevenbergen.nl\/de\/park\/verleih\/","title":{"rendered":"Vermietung"},"content":{"rendered":"<p>[et_pb_section fb_built=&#8220;1&#8243; _builder_version=&#8220;4.17.4&#8243; _module_preset=&#8220;default&#8220; background_image=&#8220;https:\/\/vakantieparkzevenbergen.nl\/wp\/wp-content\/uploads\/2022\/06\/Bolderkar-en-fietsverhuur-1-scaled.jpg&#8220; da_disable_devices=&#8220;off|off|off&#8220; global_colors_info=&#8220;{}&#8220; da_is_popup=&#8220;off&#8220; da_exit_intent=&#8220;off&#8220; da_has_close=&#8220;on&#8220; da_alt_close=&#8220;off&#8220; da_dark_close=&#8220;off&#8220; da_not_modal=&#8220;on&#8220; da_is_singular=&#8220;off&#8220; da_with_loader=&#8220;off&#8220; da_has_shadow=&#8220;on&#8220;][et_pb_row custom_padding_last_edited=&#8220;on|phone&#8220; _builder_version=&#8220;4.17.4&#8243; _module_preset=&#8220;default&#8220; custom_padding=&#8220;100px||100px||false|false&#8220; custom_padding_tablet=&#8220;150px||150px||false|false&#8220; custom_padding_phone=&#8220;150px||150px||false|false&#8220; hover_enabled=&#8220;0&#8243; global_colors_info=&#8220;{}&#8220; sticky_enabled=&#8220;0&#8243;][et_pb_column type=&#8220;4_4&#8243; _builder_version=&#8220;4.17.4&#8243; _module_preset=&#8220;default&#8220; global_colors_info=&#8220;{}&#8220;][et_pb_text _builder_version=&#8220;4.17.4&#8243; _module_preset=&#8220;default&#8220; header_font=&#8220;Anton||||||||&#8220; header_text_color=&#8220;#FFFFFF&#8220; header_font_size=&#8220;55px&#8220; header_line_height=&#8220;1.2em&#8220; global_colors_info=&#8220;{}&#8220;]<\/p>\n<h1>Gro\u00dfer<br \/>Spa\u00df am Radfahren<\/h1>\n<p>[\/et_pb_text][\/et_pb_column][\/et_pb_row][\/et_pb_section][et_pb_section fb_built=&#8220;1&#8243; _builder_version=&#8220;4.17.4&#8243; _module_preset=&#8220;default&#8220; custom_padding=&#8220;||0px||false|false&#8220; da_disable_devices=&#8220;off|off|off&#8220; global_colors_info=&#8220;{}&#8220; da_is_popup=&#8220;off&#8220; da_exit_intent=&#8220;off&#8220; da_has_close=&#8220;on&#8220; da_alt_close=&#8220;off&#8220; da_dark_close=&#8220;off&#8220; da_not_modal=&#8220;on&#8220; da_is_singular=&#8220;off&#8220; da_with_loader=&#8220;off&#8220; da_has_shadow=&#8220;on&#8220;][et_pb_row custom_padding_last_edited=&#8220;on|tablet&#8220; _builder_version=&#8220;4.17.4&#8243; _module_preset=&#8220;default&#8220; custom_padding=&#8220;20px|250px|0px|250px|false|false&#8220; custom_padding_tablet=&#8220;|0px||0px|false|false&#8220; custom_padding_phone=&#8220;|0px||0px|false|false&#8220; global_colors_info=&#8220;{}&#8220;][et_pb_column type=&#8220;4_4&#8243; _builder_version=&#8220;4.17.4&#8243; _module_preset=&#8220;default&#8220; global_colors_info=&#8220;{}&#8220;][et_pb_text _builder_version=&#8220;4.17.4&#8243; _module_preset=&#8220;default&#8220; header_2_font=&#8220;Anton||||||||&#8220; header_2_text_align=&#8220;center&#8220; header_2_text_color=&#8220;#00aba8&#8243; header_2_font_size=&#8220;29px&#8220; global_colors_info=&#8220;{}&#8220;]<\/p>\n<h2>Flaschenwagen- und fahrradverleih<\/h2>\n<p>[\/et_pb_text][et_pb_text _builder_version=&#8220;4.17.4&#8243; _module_preset=&#8220;default&#8220; text_text_color=&#8220;#000000&#8243; custom_padding=&#8220;||40px||false|false&#8220; custom_padding_tablet=&#8220;|0px||0px|false|false&#8220; custom_padding_phone=&#8220;|0px||0px|false|false&#8220; custom_padding_last_edited=&#8220;on|tablet&#8220; global_colors_info=&#8220;{}&#8220;]<\/p>\n<p>Sie haben kein Fahrrad nach Brabant mitgenommen, m\u00f6chten aber eine angenehme Radtour machen? Gut, das ist m\u00f6glich. Der Park verf\u00fcgt \u00fcber mehrere Fahrr\u00e4der, die Sie mieten k\u00f6nnen, sowohl Herren- als auch Damen- und Kinderfahrr\u00e4der. Ausgezeichnete Fahrr\u00e4der, um die Region zu erkunden. Es steht auch ein Bollerwagen zur Verf\u00fcgung. Sch\u00f6n, auf diese Weise mit kleineren Kindern die Gegend zu erkunden. Der Bollerwagen vom Vakantiepark Zevenbergen ist leicht und daher praktisch in der Handhabung. Der Bollerwagen ist auch gro\u00df genug, um mehrere Kinder oder Habseligkeiten an ihr Ziel zu bringen, zum Beispiel zum sch\u00f6nen Teich am Bomenpark. Es ist ratsam, Fahrr\u00e4der und Bollerwagen rechtzeitig zu reservieren, damit Sie nichts verpassen.<\/p>\n<p>[\/et_pb_text][et_pb_text _builder_version=&#8220;4.17.4&#8243; _module_preset=&#8220;default&#8220; global_colors_info=&#8220;{}&#8220;]<\/p>\nngg_shortcode_0_placeholder\n<p>[\/et_pb_text][\/et_pb_column][\/et_pb_row][\/et_pb_section][et_pb_section fb_built=&#8220;1&#8243; _builder_version=&#8220;4.17.4&#8243; _module_preset=&#8220;default&#8220; custom_padding=&#8220;30px||50px||false|false&#8220; da_disable_devices=&#8220;off|off|off&#8220; global_colors_info=&#8220;{}&#8220; da_is_popup=&#8220;off&#8220; da_exit_intent=&#8220;off&#8220; da_has_close=&#8220;on&#8220; da_alt_close=&#8220;off&#8220; da_dark_close=&#8220;off&#8220; da_not_modal=&#8220;on&#8220; da_is_singular=&#8220;off&#8220; da_with_loader=&#8220;off&#8220; da_has_shadow=&#8220;on&#8220;][et_pb_row column_structure=&#8220;1_3,1_3,1_3&#8243; use_custom_gutter=&#8220;on&#8220; gutter_width=&#8220;1&#8243; make_equal=&#8220;on&#8220; custom_padding_last_edited=&#8220;on|desktop&#8220; _builder_version=&#8220;4.17.4&#8243; _module_preset=&#8220;default&#8220; custom_padding=&#8220;0px|60px|0px|250px|false|false&#8220; custom_padding_tablet=&#8220;|0px||0px|false|false&#8220; custom_padding_phone=&#8220;|0px||0px|false|false&#8220; global_colors_info=&#8220;{}&#8220;][et_pb_column type=&#8220;1_3&#8243; _builder_version=&#8220;4.17.4&#8243; _module_preset=&#8220;default&#8220; global_colors_info=&#8220;{}&#8220;][et_pb_text module_class=&#8220;vinkjee&#8220; _builder_version=&#8220;4.17.4&#8243; _module_preset=&#8220;default&#8220; text_font_size=&#8220;15px&#8220; global_colors_info=&#8220;{}&#8220;]<\/p>\n<ul>\n<li>Flaschenwagen- und fahrradverleih<\/li>\n<\/ul>\n<p>[\/et_pb_text][\/et_pb_column][et_pb_column type=&#8220;1_3&#8243; _builder_version=&#8220;4.17.4&#8243; _module_preset=&#8220;default&#8220; global_colors_info=&#8220;{}&#8220;][et_pb_text module_class=&#8220;vinkjee&#8220; _builder_version=&#8220;4.17.4&#8243; _module_preset=&#8220;default&#8220; text_font_size=&#8220;15px&#8220; custom_margin=&#8220;|||50px|false|false&#8220; custom_margin_tablet=&#8220;|||0px|false|false&#8220; custom_margin_phone=&#8220;|||0px|false|false&#8220; custom_margin_last_edited=&#8220;on|tablet&#8220; global_colors_info=&#8220;{}&#8220;]<\/p>\n<ul>\n<li>Fahrrad Wartung<\/li>\n<\/ul>\n<p>[\/et_pb_text][\/et_pb_column][et_pb_column type=&#8220;1_3&#8243; _builder_version=&#8220;4.17.4&#8243; _module_preset=&#8220;default&#8220; global_colors_info=&#8220;{}&#8220;][et_pb_text module_class=&#8220;vinkjee&#8220; _builder_version=&#8220;4.17.4&#8243; _module_preset=&#8220;default&#8220; text_font_size=&#8220;15px&#8220; global_colors_info=&#8220;{}&#8220;]<\/p>\n<ul>\n<li>Kostenlose Fahrradknotenpunktkarten der Region sind erh\u00e4ltlich.<\/li>\n<\/ul>\n<p>[\/et_pb_text][\/et_pb_column][\/et_pb_row][\/et_pb_section][et_pb_section fb_built=&#8220;1&#8243; _builder_version=&#8220;4.17.4&#8243; _module_preset=&#8220;default&#8220; background_color=&#8220;rgba(133,172,28,0.16)&#8220; custom_margin=&#8220;||120px||false|false&#8220; custom_padding=&#8220;0px||100px||false|false&#8220; da_disable_devices=&#8220;off|off|off&#8220; global_colors_info=&#8220;{}&#8220; da_is_popup=&#8220;off&#8220; da_exit_intent=&#8220;off&#8220; da_has_close=&#8220;on&#8220; da_alt_close=&#8220;off&#8220; da_dark_close=&#8220;off&#8220; da_not_modal=&#8220;on&#8220; da_is_singular=&#8220;off&#8220; da_with_loader=&#8220;off&#8220; da_has_shadow=&#8220;on&#8220;][et_pb_row column_structure=&#8220;1_3,1_3,1_3&#8243; use_custom_gutter=&#8220;on&#8220; gutter_width=&#8220;2&#8243; make_equal=&#8220;on&#8220; custom_padding_last_edited=&#8220;on|tablet&#8220; _builder_version=&#8220;4.17.4&#8243; _module_preset=&#8220;default&#8220; custom_padding=&#8220;120px|50px|0px|50px|false|false&#8220; custom_padding_tablet=&#8220;|0px||0px|false|false&#8220; custom_padding_phone=&#8220;|0px||0px|false|false&#8220; global_colors_info=&#8220;{}&#8220;][et_pb_column type=&#8220;1_3&#8243; _builder_version=&#8220;4.17.4&#8243; _module_preset=&#8220;default&#8220; global_colors_info=&#8220;{}&#8220;][et_pb_image src=&#8220;https:\/\/vakantieparkzevenbergen.nl\/wp\/wp-content\/uploads\/2022\/06\/fietsonderhoud.jpg&#8220; alt=&#8220;Fahrrad Wartung&#8220; title_text=&#8220;Fahrrad Wartung&#8220; _builder_version=&#8220;4.17.4&#8243; _module_preset=&#8220;default&#8220; global_colors_info=&#8220;{}&#8220;][\/et_pb_image][et_pb_text _builder_version=&#8220;4.17.4&#8243; _module_preset=&#8220;default&#8220; header_2_font=&#8220;DM Sans|700|||||||&#8220; header_2_text_color=&#8220;#000000&#8243; header_2_font_size=&#8220;19px&#8220; custom_padding=&#8220;20px||0px||false|false&#8220; global_colors_info=&#8220;{}&#8220;]<\/p>\n<h2>Fahrrad Wartung<\/h2>\n<p>[\/et_pb_text][et_pb_text _builder_version=&#8220;4.17.4&#8243; _module_preset=&#8220;default&#8220; text_font_size=&#8220;14px&#8220; global_colors_info=&#8220;{}&#8220;]<\/p>\n<p>Zu Ihrer Bequemlichkeit finden Sie im Vakantiepark Zevenbergen auch eine technische Wand, damit Sie Ihr Fahrrad in optimalem Zustand halten k\u00f6nnen. Zur Einstellung aller Fahrradteile stehen praktische Werkzeuge zur Verf\u00fcgung. Nat\u00fcrlich k\u00f6nnen Sie dort auch Ihre Fahrradreifen aufpumpen.<\/p>\n<p>[\/et_pb_text][\/et_pb_column][et_pb_column type=&#8220;1_3&#8243; _builder_version=&#8220;4.17.4&#8243; _module_preset=&#8220;default&#8220; background_enable_image=&#8220;off&#8220; global_colors_info=&#8220;{}&#8220;][et_pb_image src=&#8220;https:\/\/vakantieparkzevenbergen.nl\/wp\/wp-content\/uploads\/2022\/06\/bijzonder-vervoer.jpg&#8220; alt=&#8220;Sondertransport&#8220; title_text=&#8220;Sondertransport&#8220; _builder_version=&#8220;4.17.4&#8243; _module_preset=&#8220;default&#8220; global_colors_info=&#8220;{}&#8220;][\/et_pb_image][et_pb_text _builder_version=&#8220;4.17.4&#8243; _module_preset=&#8220;default&#8220; header_2_font=&#8220;DM Sans|700|||||||&#8220; header_2_text_color=&#8220;#000000&#8243; header_2_font_size=&#8220;19px&#8220; custom_padding=&#8220;20px||0px||false|false&#8220; global_colors_info=&#8220;{}&#8220;]<\/p>\n<h2>Sondertransport<\/h2>\n<p>[\/et_pb_text][et_pb_text _builder_version=&#8220;4.17.4&#8243; _module_preset=&#8220;default&#8220; text_font_size=&#8220;14px&#8220; global_colors_info=&#8220;{}&#8220;]<\/p>\n<p>Es gibt unz\u00e4hlige M\u00f6glichkeiten, sich durch die sch\u00f6ne Brabanter Landschaft zu bewegen. Mit Ihrem eigenen Transport\u2026 oder mit einem ganz besonderen Transport. In der Region k\u00f6nnen Sie zum Beispiel Solex mieten. Gehen Sie lieber mit einem sommerlichen Deux Chevaux aus? Es ist auch m\u00f6glich. Erkundigen Sie sich an der Rezeption des Ferienparks.<\/p>\n<p>[\/et_pb_text][\/et_pb_column][et_pb_column type=&#8220;1_3&#8243; _builder_version=&#8220;4.17.4&#8243; _module_preset=&#8220;default&#8220; background_enable_image=&#8220;off&#8220; global_colors_info=&#8220;{}&#8220;][et_pb_image src=&#8220;https:\/\/vakantieparkzevenbergen.nl\/wp\/wp-content\/uploads\/2022\/07\/um.jpg&#8220; alt=&#8220;Umfeld&#8220; title_text=&#8220;um&#8220; url=&#8220;\/de\/umgebung\/&#8220; _builder_version=&#8220;4.17.4&#8243; _module_preset=&#8220;default&#8220; global_colors_info=&#8220;{}&#8220;][\/et_pb_image][et_pb_text _builder_version=&#8220;4.17.4&#8243; _module_preset=&#8220;default&#8220; header_2_font=&#8220;DM Sans|700|||||||&#8220; header_2_text_color=&#8220;#000000&#8243; header_2_font_size=&#8220;19px&#8220; custom_padding=&#8220;20px||0px||false|false&#8220; global_colors_info=&#8220;{}&#8220;]<\/p>\n<h2>Wander- und Radwege<\/h2>\n<p>[\/et_pb_text][et_pb_text _builder_version=&#8220;4.17.4&#8243; _module_preset=&#8220;default&#8220; text_font_size=&#8220;14px&#8220; global_colors_info=&#8220;{}&#8220;]<\/p>\n<p>Nirgendwo in den Niederlanden finden Sie so viele verschiedene Wander- und Radwege wie am Brabanter Kreuz. Der Ferienpark Zevenbergen ist der ideale Ausgangspunkt f\u00fcr Wanderer und Radfahrer und f\u00fchrt Sie auf Dutzenden von Routen durch die Region. Fragen Sie an der Rezeption danach.<\/p>\n<p>[\/et_pb_text][\/et_pb_column][\/et_pb_row][\/et_pb_section]<\/p>\n","protected":false},"excerpt":{"rendered":"<p>Gro\u00dferSpa\u00df am RadfahrenFlaschenwagen- und fahrradverleihSie haben kein Fahrrad nach Brabant mitgenommen, m\u00f6chten aber eine angenehme Radtour machen? Gut, das ist m\u00f6glich. Der Park verf\u00fcgt \u00fcber mehrere Fahrr\u00e4der, die Sie mieten k\u00f6nnen, sowohl Herren- als auch Damen- und Kinderfahrr\u00e4der. Ausgezeichnete Fahrr\u00e4der, um die Region zu erkunden. Es steht auch ein Bollerwagen zur Verf\u00fcgung. Sch\u00f6n, auf diese [&hellip;]<\/p>\n","protected":false},"author":1,"featured_media":0,"parent":1125,"menu_order":0,"comment_status":"closed","ping_status":"closed","template":"","meta":{"_et_pb_use_builder":"on","_et_pb_old_content":"","_et_gb_content_width":"","ngg_post_thumbnail":0,"footnotes":""},"class_list":["post-1137","page","type-page","status-publish","hentry"],"yoast_head":"<!-- This site is optimized with the Yoast SEO plugin v27.4 - https:\/\/yoast.com\/product\/yoast-seo-wordpress\/ -->\n<title>Vermietung | Vakantiepark Zevenbergen<\/title>\n<meta name=\"robots\" content=\"index, follow, max-snippet:-1, max-image-preview:large, max-video-preview:-1\" \/>\n<link rel=\"canonical\" href=\"https:\/\/vakantieparkzevenbergen.nl\/de\/park\/verleih\/\" \/>\n<meta property=\"og:locale\" content=\"de_DE\" \/>\n<meta property=\"og:type\" content=\"article\" \/>\n<meta property=\"og:title\" content=\"Vermietung | Vakantiepark Zevenbergen\" \/>\n<meta property=\"og:description\" content=\"Gro\u00dferSpa\u00df am RadfahrenFlaschenwagen- und fahrradverleihSie haben kein Fahrrad nach Brabant mitgenommen, m\u00f6chten aber eine angenehme Radtour machen? Gut, das ist m\u00f6glich. Der Park verf\u00fcgt \u00fcber mehrere Fahrr\u00e4der, die Sie mieten k\u00f6nnen, sowohl Herren- als auch Damen- und Kinderfahrr\u00e4der. Ausgezeichnete Fahrr\u00e4der, um die Region zu erkunden. Es steht auch ein Bollerwagen zur Verf\u00fcgung. Sch\u00f6n, auf diese [&hellip;]\" \/>\n<meta property=\"og:url\" content=\"https:\/\/vakantieparkzevenbergen.nl\/de\/park\/verleih\/\" \/>\n<meta property=\"og:site_name\" content=\"Vakantiepark Zevenbergen\" \/>\n<meta property=\"article:modified_time\" content=\"2023-01-23T15:14:15+00:00\" \/>\n<meta name=\"twitter:card\" content=\"summary_large_image\" \/>\n<meta name=\"twitter:label1\" content=\"Gesch\u00e4tzte Lesezeit\" \/>\n\t<meta name=\"twitter:data1\" content=\"7\u00a0Minuten\" \/>\n<script type=\"application\/ld+json\" class=\"yoast-schema-graph\">{\"@context\":\"https:\\\/\\\/schema.org\",\"@graph\":[{\"@type\":\"WebPage\",\"@id\":\"https:\\\/\\\/vakantieparkzevenbergen.nl\\\/de\\\/park\\\/verleih\\\/\",\"url\":\"https:\\\/\\\/vakantieparkzevenbergen.nl\\\/de\\\/park\\\/verleih\\\/\",\"name\":\"Vermietung | Vakantiepark Zevenbergen\",\"isPartOf\":{\"@id\":\"https:\\\/\\\/vakantieparkzevenbergen.nl\\\/#website\"},\"datePublished\":\"2022-06-08T13:43:09+00:00\",\"dateModified\":\"2023-01-23T15:14:15+00:00\",\"breadcrumb\":{\"@id\":\"https:\\\/\\\/vakantieparkzevenbergen.nl\\\/de\\\/park\\\/verleih\\\/#breadcrumb\"},\"inLanguage\":\"de\",\"potentialAction\":[{\"@type\":\"ReadAction\",\"target\":[\"https:\\\/\\\/vakantieparkzevenbergen.nl\\\/de\\\/park\\\/verleih\\\/\"]}]},{\"@type\":\"BreadcrumbList\",\"@id\":\"https:\\\/\\\/vakantieparkzevenbergen.nl\\\/de\\\/park\\\/verleih\\\/#breadcrumb\",\"itemListElement\":[{\"@type\":\"ListItem\",\"position\":1,\"name\":\"Home\",\"item\":\"https:\\\/\\\/vakantieparkzevenbergen.nl\\\/de\\\/\"},{\"@type\":\"ListItem\",\"position\":2,\"name\":\"Park\",\"item\":\"https:\\\/\\\/vakantieparkzevenbergen.nl\\\/de\\\/park\\\/\"},{\"@type\":\"ListItem\",\"position\":3,\"name\":\"Vermietung\"}]},{\"@type\":\"WebSite\",\"@id\":\"https:\\\/\\\/vakantieparkzevenbergen.nl\\\/#website\",\"url\":\"https:\\\/\\\/vakantieparkzevenbergen.nl\\\/\",\"name\":\"Vakantiepark Zevenbergen\",\"description\":\"\",\"publisher\":{\"@id\":\"https:\\\/\\\/vakantieparkzevenbergen.nl\\\/#organization\"},\"potentialAction\":[{\"@type\":\"SearchAction\",\"target\":{\"@type\":\"EntryPoint\",\"urlTemplate\":\"https:\\\/\\\/vakantieparkzevenbergen.nl\\\/?s={search_term_string}\"},\"query-input\":{\"@type\":\"PropertyValueSpecification\",\"valueRequired\":true,\"valueName\":\"search_term_string\"}}],\"inLanguage\":\"de\"},{\"@type\":\"Organization\",\"@id\":\"https:\\\/\\\/vakantieparkzevenbergen.nl\\\/#organization\",\"name\":\"Vakantiepark Zevenbergen\",\"alternateName\":\"Tussen Den Bosch en Nijmegen tref je het autovrije park aan, geschikt voor alle leeftijden. Ontspannen recre\u00ebren staat centraal. De \u201cvrijstaande\u201d vakantiebungalows\",\"url\":\"https:\\\/\\\/vakantieparkzevenbergen.nl\\\/\",\"logo\":{\"@type\":\"ImageObject\",\"inLanguage\":\"de\",\"@id\":\"https:\\\/\\\/vakantieparkzevenbergen.nl\\\/#\\\/schema\\\/logo\\\/image\\\/\",\"url\":\"https:\\\/\\\/vakantieparkzevenbergen.nl\\\/wp\\\/wp-content\\\/uploads\\\/2022\\\/06\\\/vakantiepark-Zevenbergen.jpg\",\"contentUrl\":\"https:\\\/\\\/vakantieparkzevenbergen.nl\\\/wp\\\/wp-content\\\/uploads\\\/2022\\\/06\\\/vakantiepark-Zevenbergen.jpg\",\"width\":935,\"height\":279,\"caption\":\"Vakantiepark Zevenbergen\"},\"image\":{\"@id\":\"https:\\\/\\\/vakantieparkzevenbergen.nl\\\/#\\\/schema\\\/logo\\\/image\\\/\"}}]}<\/script>\n<!-- \/ Yoast SEO plugin. -->","yoast_head_json":{"title":"Vermietung | Vakantiepark Zevenbergen","robots":{"index":"index","follow":"follow","max-snippet":"max-snippet:-1","max-image-preview":"max-image-preview:large","max-video-preview":"max-video-preview:-1"},"canonical":"https:\/\/vakantieparkzevenbergen.nl\/de\/park\/verleih\/","og_locale":"de_DE","og_type":"article","og_title":"Vermietung | Vakantiepark Zevenbergen","og_description":"Gro\u00dferSpa\u00df am RadfahrenFlaschenwagen- und fahrradverleihSie haben kein Fahrrad nach Brabant mitgenommen, m\u00f6chten aber eine angenehme Radtour machen? Gut, das ist m\u00f6glich. Der Park verf\u00fcgt \u00fcber mehrere Fahrr\u00e4der, die Sie mieten k\u00f6nnen, sowohl Herren- als auch Damen- und Kinderfahrr\u00e4der. Ausgezeichnete Fahrr\u00e4der, um die Region zu erkunden. Es steht auch ein Bollerwagen zur Verf\u00fcgung. Sch\u00f6n, auf diese [&hellip;]","og_url":"https:\/\/vakantieparkzevenbergen.nl\/de\/park\/verleih\/","og_site_name":"Vakantiepark Zevenbergen","article_modified_time":"2023-01-23T15:14:15+00:00","twitter_card":"summary_large_image","twitter_misc":{"Gesch\u00e4tzte Lesezeit":"7\u00a0Minuten"},"schema":{"@context":"https:\/\/schema.org","@graph":[{"@type":"WebPage","@id":"https:\/\/vakantieparkzevenbergen.nl\/de\/park\/verleih\/","url":"https:\/\/vakantieparkzevenbergen.nl\/de\/park\/verleih\/","name":"Vermietung | Vakantiepark Zevenbergen","isPartOf":{"@id":"https:\/\/vakantieparkzevenbergen.nl\/#website"},"datePublished":"2022-06-08T13:43:09+00:00","dateModified":"2023-01-23T15:14:15+00:00","breadcrumb":{"@id":"https:\/\/vakantieparkzevenbergen.nl\/de\/park\/verleih\/#breadcrumb"},"inLanguage":"de","potentialAction":[{"@type":"ReadAction","target":["https:\/\/vakantieparkzevenbergen.nl\/de\/park\/verleih\/"]}]},{"@type":"BreadcrumbList","@id":"https:\/\/vakantieparkzevenbergen.nl\/de\/park\/verleih\/#breadcrumb","itemListElement":[{"@type":"ListItem","position":1,"name":"Home","item":"https:\/\/vakantieparkzevenbergen.nl\/de\/"},{"@type":"ListItem","position":2,"name":"Park","item":"https:\/\/vakantieparkzevenbergen.nl\/de\/park\/"},{"@type":"ListItem","position":3,"name":"Vermietung"}]},{"@type":"WebSite","@id":"https:\/\/vakantieparkzevenbergen.nl\/#website","url":"https:\/\/vakantieparkzevenbergen.nl\/","name":"Vakantiepark Zevenbergen","description":"","publisher":{"@id":"https:\/\/vakantieparkzevenbergen.nl\/#organization"},"potentialAction":[{"@type":"SearchAction","target":{"@type":"EntryPoint","urlTemplate":"https:\/\/vakantieparkzevenbergen.nl\/?s={search_term_string}"},"query-input":{"@type":"PropertyValueSpecification","valueRequired":true,"valueName":"search_term_string"}}],"inLanguage":"de"},{"@type":"Organization","@id":"https:\/\/vakantieparkzevenbergen.nl\/#organization","name":"Vakantiepark Zevenbergen","alternateName":"Tussen Den Bosch en Nijmegen tref je het autovrije park aan, geschikt voor alle leeftijden. Ontspannen recre\u00ebren staat centraal. De \u201cvrijstaande\u201d vakantiebungalows","url":"https:\/\/vakantieparkzevenbergen.nl\/","logo":{"@type":"ImageObject","inLanguage":"de","@id":"https:\/\/vakantieparkzevenbergen.nl\/#\/schema\/logo\/image\/","url":"https:\/\/vakantieparkzevenbergen.nl\/wp\/wp-content\/uploads\/2022\/06\/vakantiepark-Zevenbergen.jpg","contentUrl":"https:\/\/vakantieparkzevenbergen.nl\/wp\/wp-content\/uploads\/2022\/06\/vakantiepark-Zevenbergen.jpg","width":935,"height":279,"caption":"Vakantiepark Zevenbergen"},"image":{"@id":"https:\/\/vakantieparkzevenbergen.nl\/#\/schema\/logo\/image\/"}}]}},"_links":{"self":[{"href":"https:\/\/vakantieparkzevenbergen.nl\/de\/wp-json\/wp\/v2\/pages\/1137","targetHints":{"allow":["GET"]}}],"collection":[{"href":"https:\/\/vakantieparkzevenbergen.nl\/de\/wp-json\/wp\/v2\/pages"}],"about":[{"href":"https:\/\/vakantieparkzevenbergen.nl\/de\/wp-json\/wp\/v2\/types\/page"}],"author":[{"embeddable":true,"href":"https:\/\/vakantieparkzevenbergen.nl\/de\/wp-json\/wp\/v2\/users\/1"}],"replies":[{"embeddable":true,"href":"https:\/\/vakantieparkzevenbergen.nl\/de\/wp-json\/wp\/v2\/comments?post=1137"}],"version-history":[{"count":0,"href":"https:\/\/vakantieparkzevenbergen.nl\/de\/wp-json\/wp\/v2\/pages\/1137\/revisions"}],"up":[{"embeddable":true,"href":"https:\/\/vakantieparkzevenbergen.nl\/de\/wp-json\/wp\/v2\/pages\/1125"}],"wp:attachment":[{"href":"https:\/\/vakantieparkzevenbergen.nl\/de\/wp-json\/wp\/v2\/media?parent=1137"}],"curies":[{"name":"wp","href":"https:\/\/api.w.org\/{rel}","templated":true}]}}